{"id":15,"date":"2022-04-27T18:24:34","date_gmt":"2022-04-27T18:24:34","guid":{"rendered":"https:\/\/bs-laichingeralb.de\/wordpress\/?page_id=15"},"modified":"2026-04-07T16:12:23","modified_gmt":"2026-04-07T16:12:23","slug":"willkommen","status":"publish","type":"page","link":"https:\/\/bs-laichingeralb.de\/wordpress\/","title":{"rendered":"Aktuellste Neuigkeiten"},"content":{"rendered":"<div class=\"mc-event-list-container\"><div class=\"no-events-fallback todays-events\"><\/div><\/div>\n\n\n<ul class=\"wp-block-latest-posts__list has-dates wp-block-latest-posts\"><li><a class=\"wp-block-latest-posts__post-title\" href=\"https:\/\/bs-laichingeralb.de\/wordpress\/?p=878\">Danke<\/a><time datetime=\"2026-04-12T12:54:54+00:00\" class=\"wp-block-latest-posts__post-date\">12.04.2026<\/time><div class=\"wp-block-latest-posts__post-excerpt\">Allen Helfern Danke f\u00fcr den Arbeitseinsatz am 11.04.26.Unser Gel\u00e4nde ist wieder einsatzbereit und kann f\u00fcr die Saison 2026 voll genutzt werden. Der grill hat sich nach intensiver Reinigung durch Maria von seiner besten Seite gezeigt und hat den ersten Einsatz schon bestanden und die Scheiben ihre Feuertaufe auch. Bitte denkt daran, neue Stramitscheiben sind hart und es ist eine gute Idee die Pfeile entsprechend zu schmieren. Allen viel Spa\u00df bei der Sommersaison 26 und vergesst nicht euch f\u00fcr die Vereinsmeisterschaften anzumelden. Am Container h\u00e4ngt eine altmodische analoge Anmeldeliste.<\/div><\/li>\n<li><a class=\"wp-block-latest-posts__post-title\" href=\"https:\/\/bs-laichingeralb.de\/wordpress\/?p=865\">Einladung zum Fr\u00fchjahresarbeitseinsatz 2026<\/a><time datetime=\"2026-04-06T05:16:46+00:00\" class=\"wp-block-latest-posts__post-date\">06.04.2026<\/time><div class=\"wp-block-latest-posts__post-excerpt\">Hallo zusammen, die Sommersaison steht vor der T\u00fcr! Damit unser Bogengel\u00e4nde p\u00fcnktlich startklar ist, brauchen wir eure Hilfe. Wann? N\u00e4chsten Samstag, den 11.April 2026 um 11:00 Uhr Wo? Unser Bogengel\u00e4nde Was steht an? Nach getaner Arbeit wollen wir gemeinsam den Grill in Betrieb nehmen. Bitte bringt euch euer eigenes Grillgut, Salate und was ihr sonst zum Grillen braucht mit. Danach geht es dann direkt ins Training, um zu sehen ob alles passt. Wir freuen uns \u00fcber jede helfende Hand \u2013 egal ob selber Sch\u00fctze oder Elternteil. Der Arbeitseinsatz findet bei jedem Wetter statt! Also denkt bitte an entsprechende Kleidung und\u2026\u00a0<a class=\"wp-block-latest-posts__read-more\" href=\"https:\/\/bs-laichingeralb.de\/wordpress\/?p=865\" rel=\"noopener noreferrer\"><span class=\"screen-reader-text\">Einladung zum Fr\u00fchjahresarbeitseinsatz 2026 <\/span>weiterlesen<\/a><\/div><\/li>\n<li><a class=\"wp-block-latest-posts__post-title\" href=\"https:\/\/bs-laichingeralb.de\/wordpress\/?p=822\">Hallentraining ist gestartet<\/a><time datetime=\"2025-10-17T09:04:12+00:00\" class=\"wp-block-latest-posts__post-date\">17.10.2025<\/time><div class=\"wp-block-latest-posts__post-excerpt\">Ge\u00e4nderte Trainingstermine der Hallensaison Das Hallentraining ist ab dem 18.10.2025 er\u00f6ffnet.Bitte beachten: Wir haben ab dem Jahr 2025 ge\u00e4nderte Trainingszeiten. Wann? Wer? Wo? Mittwoch 19:00 &#8211; 21:30 Uhr Erwachsene Lindenhalle Freitag 18:00 &#8211; 20:00 Uhr Erwachsene Lindenhalle Samstag 13:30 &#8211; 15:00 Uhr Sch\u00fcler \/ Jugend \/ Einsteiger Sporthalle Samstag 15:15 &#8211; 17:30 Uhr Erwachsene Sporthalle Stand Oktober 2025 Adresse der Halle Lindenhalle MachtolsheimLindenstra\u00dfe89150 Laichingen, Machtolsheim<\/div><\/li>\n<\/ul>\n\n\n<figure class=\"wp-block-image size-full\"><img loading=\"lazy\" decoding=\"async\" width=\"150\" height=\"117\" src=\"https:\/\/bs-laichingeralb.de\/wordpress\/wp-content\/uploads\/2022\/04\/cropped-BSLA_Logo_Small.png\" alt=\"\" class=\"wp-image-18\" srcset=\"https:\/\/bs-laichingeralb.de\/wordpress\/wp-content\/uploads\/2022\/04\/cropped-BSLA_Logo_Small.png 150w, https:\/\/bs-laichingeralb.de\/wordpress\/wp-content\/uploads\/2022\/04\/cropped-BSLA_Logo_Small-73x57.png 73w\" sizes=\"auto, (max-width: 150px) 100vw, 150px\" \/><\/figure>\n\n\n\n<p>Willkommen auf der Homepage des BS Laichinger Alb e.V.<\/p>\n\n\n\n<p>Die Website als Anlaufstelle f\u00fcr Mitglieder und Besucher des Bogensportvereins Schw\u00e4bische Alb. <\/p>\n\n\n\n<p>Termine und Ausschreibungen sind hier ebenso zu finden wie die neuesten Vereinsnachrichten. <\/p>\n\n\n\n<p>F\u00fcr Anregungen, W\u00fcnsche und vor allem Informationen rund ums Bogenschie\u00dfen sind wir immer dankbar.<\/p>\n\n\n\n<p><\/p>\n","protected":false},"excerpt":{"rendered":"<p>Willkommen auf der Homepage des BS Laichinger Alb e.V. Die Website als Anlaufstelle f\u00fcr Mitglieder und Besucher des Bogensportvereins Schw\u00e4bische Alb. Termine und Ausschreibungen sind hier ebenso zu finden wie die neuesten Vereinsnachrichten. F\u00fcr Anregungen, W\u00fcnsche und vor allem Informationen rund ums Bogenschie\u00dfen sind wir immer dankbar.<\/p>\n","protected":false},"author":1,"featured_media":0,"parent":0,"menu_order":0,"comment_status":"closed","ping_status":"closed","template":"","meta":{"_uag_custom_page_level_css":"","site-sidebar-layout":"default","site-content-layout":"","ast-site-content-layout":"default","site-content-style":"default","site-sidebar-style":"default","ast-global-header-display":"","ast-banner-title-visibility":"","ast-main-header-display":"","ast-hfb-above-header-display":"","ast-hfb-below-header-display":"","ast-hfb-mobile-header-display":"","site-post-title":"","ast-breadcrumbs-content":"","ast-featured-img":"","footer-sml-layout":"","ast-disable-related-posts":"","theme-transparent-header-meta":"","adv-header-id-meta":"","stick-header-meta":"","header-above-stick-meta":"","header-main-stick-meta":"","header-below-stick-meta":"","astra-migrate-meta-layouts":"set","ast-page-background-enabled":"default","ast-page-background-meta":{"desktop":{"background-color":"var(--ast-global-color-4)","background-image":"","background-repeat":"repeat","background-position":"center center","background-size":"auto","background-attachment":"scroll","background-type":"","background-media":"","overlay-type":"","overlay-color":"","overlay-opacity":"","overlay-gradient":""},"tablet":{"background-color":"","background-image":"","background-repeat":"repeat","background-position":"center center","background-size":"auto","background-attachment":"scroll","background-type":"","background-media":"","overlay-type":"","overlay-color":"","overlay-opacity":"","overlay-gradient":""},"mobile":{"background-color":"","background-image":"","background-repeat":"repeat","background-position":"center center","background-size":"auto","background-attachment":"scroll","background-type":"","background-media":"","overlay-type":"","overlay-color":"","overlay-opacity":"","overlay-gradient":""}},"ast-content-background-meta":{"desktop":{"background-color":"var(--ast-global-color-5)","background-image":"","background-repeat":"repeat","background-position":"center center","background-size":"auto","background-attachment":"scroll","background-type":"","background-media":"","overlay-type":"","overlay-color":"","overlay-opacity":"","overlay-gradient":""},"tablet":{"background-color":"var(--ast-global-color-5)","background-image":"","background-repeat":"repeat","background-position":"center center","background-size":"auto","background-attachment":"scroll","background-type":"","background-media":"","overlay-type":"","overlay-color":"","overlay-opacity":"","overlay-gradient":""},"mobile":{"background-color":"var(--ast-global-color-5)","background-image":"","background-repeat":"repeat","background-position":"center center","background-size":"auto","background-attachment":"scroll","background-type":"","background-media":"","overlay-type":"","overlay-color":"","overlay-opacity":"","overlay-gradient":""}},"_mc_calendar":{"format":"list","weekends":"true","months":"2","shortcode":"[my_calendar format=&quot;list&quot; weekends=&quot;true&quot; months=&quot;2&quot;]","append":""},"footnotes":""},"class_list":["post-15","page","type-page","status-publish","hentry"],"uagb_featured_image_src":{"full":false,"thumbnail":false,"medium":false,"medium_large":false,"large":false,"1536x1536":false,"2048x2048":false},"uagb_author_info":{"display_name":"admin","author_link":"https:\/\/bs-laichingeralb.de\/wordpress\/?author=1"},"uagb_comment_info":0,"uagb_excerpt":"Willkommen auf der Homepage des BS Laichinger Alb e.V. Die Website als Anlaufstelle f\u00fcr Mitglieder und Besucher des Bogensportvereins Schw\u00e4bische Alb. Termine und Ausschreibungen sind hier ebenso zu finden wie die neuesten Vereinsnachrichten. F\u00fcr Anregungen, W\u00fcnsche und vor allem Informationen rund ums Bogenschie\u00dfen sind wir immer dankbar.","_links":{"self":[{"href":"https:\/\/bs-laichingeralb.de\/wordpress\/index.php?rest_route=\/wp\/v2\/pages\/15","targetHints":{"allow":["GET"]}}],"collection":[{"href":"https:\/\/bs-laichingeralb.de\/wordpress\/index.php?rest_route=\/wp\/v2\/pages"}],"about":[{"href":"https:\/\/bs-laichingeralb.de\/wordpress\/index.php?rest_route=\/wp\/v2\/types\/page"}],"author":[{"embeddable":true,"href":"https:\/\/bs-laichingeralb.de\/wordpress\/index.php?rest_route=\/wp\/v2\/users\/1"}],"replies":[{"embeddable":true,"href":"https:\/\/bs-laichingeralb.de\/wordpress\/index.php?rest_route=%2Fwp%2Fv2%2Fcomments&post=15"}],"version-history":[{"count":18,"href":"https:\/\/bs-laichingeralb.de\/wordpress\/index.php?rest_route=\/wp\/v2\/pages\/15\/revisions"}],"predecessor-version":[{"id":874,"href":"https:\/\/bs-laichingeralb.de\/wordpress\/index.php?rest_route=\/wp\/v2\/pages\/15\/revisions\/874"}],"wp:attachment":[{"href":"https:\/\/bs-laichingeralb.de\/wordpress\/index.php?rest_route=%2Fwp%2Fv2%2Fmedia&parent=15"}],"curies":[{"name":"wp","href":"https:\/\/api.w.org\/{rel}","templated":true}]}}