{"id":201,"date":"2022-05-06T14:07:05","date_gmt":"2022-05-06T14:07:05","guid":{"rendered":"https:\/\/bs-laichingeralb.de\/wordpress\/?page_id=201"},"modified":"2022-05-06T17:50:53","modified_gmt":"2022-05-06T17:50:53","slug":"kontakt","status":"publish","type":"page","link":"https:\/\/bs-laichingeralb.de\/wordpress\/?page_id=201","title":{"rendered":"Kontakt"},"content":{"rendered":"\n<p>Wer uns schnell erreichen will kann dies auch \u00fcber das Kontaktformular machen.<\/p>\n\n\n\n<p>Bitte beachten: <\/p>\n\n\n\n<ul class=\"wp-block-list\"><li>Die hier gesammelten Daten werden gespeichert damit wir euch antworten k\u00f6nnen. Eine weitere Nutzung der Daten oder eine Weitergabe findet nicht statt. Siehe hierzu auch unsere <a href=\"https:\/\/bs-laichingeralb.de\/wordpress\/?page_id=50\" data-type=\"page\" data-id=\"50\">Datenschutzerkl\u00e4rung<\/a>.<\/li><li>Wir betreiben unser Hobby als Hobby, deshalb bitte nicht b\u00f6se sein wenn es etwas l\u00e4nger dauert bis ihr von uns h\u00f6rt. Wir melden uns auf jeden Fall.<\/li><\/ul>\n\n\n\n<p>Hier Bitte eure Nachricht eingeben:<\/p>\n\n\n<div class=\"wpforms-container wpforms-container-full wpforms-block\" id=\"wpforms-193\"><form id=\"wpforms-form-193\" class=\"wpforms-validate wpforms-form wpforms-ajax-form\" data-formid=\"193\" method=\"post\" enctype=\"multipart\/form-data\" action=\"\/wordpress\/index.php?rest_route=%2Fwp%2Fv2%2Fpages%2F201\" data-token=\"995b81ac6d0f54eff541fb34a8611f09\" data-token-time=\"1777298016\"><noscript class=\"wpforms-error-noscript\">Bitte aktiviere JavaScript in deinem Browser, um dieses Formular fertigzustellen.<\/noscript><div class=\"wpforms-field-container\"><div id=\"wpforms-193-field_0-container\" class=\"wpforms-field wpforms-field-name\" data-field-id=\"0\"><label class=\"wpforms-field-label\">Name <span class=\"wpforms-required-label\">*<\/span><\/label><div class=\"wpforms-field-row wpforms-field-medium\"><div class=\"wpforms-field-row-block wpforms-first wpforms-one-half\"><input type=\"text\" id=\"wpforms-193-field_0\" class=\"wpforms-field-name-first wpforms-field-required\" name=\"wpforms[fields][0][first]\" required><label for=\"wpforms-193-field_0\" class=\"wpforms-field-sublabel after\">Vorname<\/label><\/div><div class=\"wpforms-field-row-block wpforms-one-half\"><input type=\"text\" id=\"wpforms-193-field_0-last\" class=\"wpforms-field-name-last wpforms-field-required\" name=\"wpforms[fields][0][last]\" required><label for=\"wpforms-193-field_0-last\" class=\"wpforms-field-sublabel after\">Nachname<\/label><\/div><\/div><\/div><div id=\"wpforms-193-field_1-container\" class=\"wpforms-field wpforms-field-email\" data-field-id=\"1\"><label class=\"wpforms-field-label\" for=\"wpforms-193-field_1\">Email <span class=\"wpforms-required-label\">*<\/span><\/label><input type=\"email\" id=\"wpforms-193-field_1\" class=\"wpforms-field-medium wpforms-field-required\" name=\"wpforms[fields][1]\" spellcheck=\"false\" required><div class=\"wpforms-field-description\">Bitte korrekte Email Anschrift eintragen<\/div><\/div><div id=\"wpforms-193-field_4-container\" class=\"wpforms-field wpforms-field-checkbox wpforms-list-2-columns\" data-field-id=\"4\"><label class=\"wpforms-field-label\">Damit es schnell geht<\/label><ul id=\"wpforms-193-field_4\" data-choice-limit=\"4\"><li class=\"choice-1 depth-1 wpforms-selected\"><input type=\"checkbox\" id=\"wpforms-193-field_4_1\" data-rule-check-limit=\"true\" name=\"wpforms[fields][4][]\" value=\"Verein\"   checked='checked'><label class=\"wpforms-field-label-inline\" for=\"wpforms-193-field_4_1\">Verein<\/label><\/li><li class=\"choice-2 depth-1\"><input type=\"checkbox\" id=\"wpforms-193-field_4_2\" data-rule-check-limit=\"true\" name=\"wpforms[fields][4][]\" value=\"Sonstiges\"  ><label class=\"wpforms-field-label-inline\" for=\"wpforms-193-field_4_2\">Sonstiges<\/label><\/li><li class=\"choice-3 depth-1\"><input type=\"checkbox\" id=\"wpforms-193-field_4_3\" data-rule-check-limit=\"true\" name=\"wpforms[fields][4][]\" value=\"Training\"  ><label class=\"wpforms-field-label-inline\" for=\"wpforms-193-field_4_3\">Training<\/label><\/li><li class=\"choice-6 depth-1\"><input type=\"checkbox\" id=\"wpforms-193-field_4_6\" data-rule-check-limit=\"true\" name=\"wpforms[fields][4][]\" value=\"Jugend &amp; Jugendtraining\"  ><label class=\"wpforms-field-label-inline\" for=\"wpforms-193-field_4_6\">Jugend &amp; Jugendtraining<\/label><\/li><li class=\"choice-4 depth-1\"><input type=\"checkbox\" id=\"wpforms-193-field_4_4\" data-rule-check-limit=\"true\" name=\"wpforms[fields][4][]\" value=\"WA &amp; Halle\"  ><label class=\"wpforms-field-label-inline\" for=\"wpforms-193-field_4_4\">WA &amp; Halle<\/label><\/li><li class=\"choice-5 depth-1\"><input type=\"checkbox\" id=\"wpforms-193-field_4_5\" data-rule-check-limit=\"true\" name=\"wpforms[fields][4][]\" value=\"Feld &amp; 3D\"  ><label class=\"wpforms-field-label-inline\" for=\"wpforms-193-field_4_5\">Feld &amp; 3D<\/label><\/li><li class=\"choice-7 depth-1\"><input type=\"checkbox\" id=\"wpforms-193-field_4_7\" data-rule-check-limit=\"true\" name=\"wpforms[fields][4][]\" value=\"Behindertensport\"  ><label class=\"wpforms-field-label-inline\" for=\"wpforms-193-field_4_7\">Behindertensport<\/label><\/li><li class=\"choice-8 depth-1\"><input type=\"checkbox\" id=\"wpforms-193-field_4_8\" data-rule-check-limit=\"true\" name=\"wpforms[fields][4][]\" value=\"Meldungen\"  ><label class=\"wpforms-field-label-inline\" for=\"wpforms-193-field_4_8\">Meldungen<\/label><\/li><\/ul><div class=\"wpforms-field-description\">Damit wir Eure Nachricht schnell an den richtigen Ansprechpartner weiterleiten k\u00f6nnen, k\u00f6nnt Ihr sie hier schon filtern.<\/div><\/div><div id=\"wpforms-193-field_2-container\" class=\"wpforms-field wpforms-field-textarea\" data-field-id=\"2\"><label class=\"wpforms-field-label\" for=\"wpforms-193-field_2\">Nachricht <span class=\"wpforms-required-label\">*<\/span><\/label><textarea id=\"wpforms-193-field_2\" class=\"wpforms-field-medium wpforms-field-required\" name=\"wpforms[fields][2]\" required><\/textarea><div class=\"wpforms-field-description\">Hier bitte Eure Frage oder Nachricht eintragen.<\/div><\/div><div id=\"wpforms-193-field_3-container\" class=\"wpforms-field wpforms-field-gdpr-checkbox\" data-field-id=\"3\"><label class=\"wpforms-field-label\">DSGVO-Einverst\u00e4ndnis <span class=\"wpforms-required-label\">*<\/span><\/label><ul id=\"wpforms-193-field_3\" class=\"wpforms-field-required\"><li class=\"choice-1\"><input type=\"checkbox\" id=\"wpforms-193-field_3_1\" name=\"wpforms[fields][3][]\" value=\"Ich willige ein, dass diese Website meine \u00fcbermittelten Informationen speichert, sodass meine Anfrage beantwortet werden kann.\" required ><label class=\"wpforms-field-label-inline\" for=\"wpforms-193-field_3_1\">Ich willige ein, dass diese Website meine \u00fcbermittelten Informationen speichert, sodass meine Anfrage beantwortet werden kann.<\/label><\/li><\/ul><\/div><\/div><!-- .wpforms-field-container --><div class=\"wpforms-recaptcha-container wpforms-is-recaptcha wpforms-is-recaptcha-type-v2\" ><div class=\"g-recaptcha\" data-sitekey=\"6Ld_1MwfAAAAAHi1osWkOnsQttAkNCnCU6YEmhJV\"><\/div><input type=\"text\" name=\"g-recaptcha-hidden\" class=\"wpforms-recaptcha-hidden\" style=\"position:absolute!important;clip:rect(0,0,0,0)!important;height:1px!important;width:1px!important;border:0!important;overflow:hidden!important;padding:0!important;margin:0!important;\" data-rule-recaptcha=\"1\"><\/div><div class=\"wpforms-submit-container\" ><input type=\"hidden\" name=\"wpforms[id]\" value=\"193\"><input type=\"hidden\" name=\"page_title\" value=\"\"><input type=\"hidden\" name=\"page_url\" value=\"https:\/\/bs-laichingeralb.de\/wordpress\/index.php?rest_route=\/wp\/v2\/pages\/201\"><input type=\"hidden\" name=\"url_referer\" value=\"\"><button type=\"submit\" name=\"wpforms[submit]\" id=\"wpforms-submit-193\" class=\"wpforms-submit\" data-alt-text=\"Nachricht wird gesendet\" data-submit-text=\"Senden\" aria-live=\"assertive\" value=\"wpforms-submit\">Senden<\/button><img loading=\"lazy\" decoding=\"async\" src=\"https:\/\/bs-laichingeralb.de\/wordpress\/wp-content\/plugins\/wpforms-lite\/assets\/images\/submit-spin.svg\" class=\"wpforms-submit-spinner\" style=\"display: none;\" width=\"26\" height=\"26\" alt=\"Wird geladen\"><\/div><\/form><\/div>  <!-- .wpforms-container -->","protected":false},"excerpt":{"rendered":"<p>Wer uns schnell erreichen will kann dies auch \u00fcber das Kontaktformular machen. Bitte beachten: Die hier gesammelten Daten werden gespeichert damit wir euch antworten k\u00f6nnen. Eine weitere Nutzung der Daten oder eine Weitergabe findet nicht statt. Siehe hierzu auch unsere Datenschutzerkl\u00e4rung. Wir betreiben unser Hobby als Hobby, deshalb bitte nicht b\u00f6se sein wenn es etwas [&hellip;]<\/p>\n","protected":false},"author":1,"featured_media":0,"parent":0,"menu_order":0,"comment_status":"closed","ping_status":"closed","template":"","meta":{"_uag_custom_page_level_css":"","site-sidebar-layout":"default","site-content-layout":"","ast-site-content-layout":"default","site-content-style":"default","site-sidebar-style":"default","ast-global-header-display":"","ast-banner-title-visibility":"","ast-main-header-display":"","ast-hfb-above-header-display":"","ast-hfb-below-header-display":"","ast-hfb-mobile-header-display":"","site-post-title":"","ast-breadcrumbs-content":"","ast-featured-img":"","footer-sml-layout":"","ast-disable-related-posts":"","theme-transparent-header-meta":"","adv-header-id-meta":"","stick-header-meta":"","header-above-stick-meta":"","header-main-stick-meta":"","header-below-stick-meta":"","astra-migrate-meta-layouts":"default","ast-page-background-enabled":"default","ast-page-background-meta":{"desktop":{"background-color":"var(--ast-global-color-4)","background-image":"","background-repeat":"repeat","background-position":"center center","background-size":"auto","background-attachment":"scroll","background-type":"","background-media":"","overlay-type":"","overlay-color":"","overlay-opacity":"","overlay-gradient":""},"tablet":{"background-color":"","background-image":"","background-repeat":"repeat","background-position":"center center","background-size":"auto","background-attachment":"scroll","background-type":"","background-media":"","overlay-type":"","overlay-color":"","overlay-opacity":"","overlay-gradient":""},"mobile":{"background-color":"","background-image":"","background-repeat":"repeat","background-position":"center center","background-size":"auto","background-attachment":"scroll","background-type":"","background-media":"","overlay-type":"","overlay-color":"","overlay-opacity":"","overlay-gradient":""}},"ast-content-background-meta":{"desktop":{"background-color":"var(--ast-global-color-5)","background-image":"","background-repeat":"repeat","background-position":"center center","background-size":"auto","background-attachment":"scroll","background-type":"","background-media":"","overlay-type":"","overlay-color":"","overlay-opacity":"","overlay-gradient":""},"tablet":{"background-color":"var(--ast-global-color-5)","background-image":"","background-repeat":"repeat","background-position":"center center","background-size":"auto","background-attachment":"scroll","background-type":"","background-media":"","overlay-type":"","overlay-color":"","overlay-opacity":"","overlay-gradient":""},"mobile":{"background-color":"var(--ast-global-color-5)","background-image":"","background-repeat":"repeat","background-position":"center center","background-size":"auto","background-attachment":"scroll","background-type":"","background-media":"","overlay-type":"","overlay-color":"","overlay-opacity":"","overlay-gradient":""}},"_mc_calendar":[],"footnotes":""},"class_list":["post-201","page","type-page","status-publish","hentry"],"uagb_featured_image_src":{"full":false,"thumbnail":false,"medium":false,"medium_large":false,"large":false,"1536x1536":false,"2048x2048":false},"uagb_author_info":{"display_name":"admin","author_link":"https:\/\/bs-laichingeralb.de\/wordpress\/?author=1"},"uagb_comment_info":0,"uagb_excerpt":"Wer uns schnell erreichen will kann dies auch \u00fcber das Kontaktformular machen. Bitte beachten: Die hier gesammelten Daten werden gespeichert damit wir euch antworten k\u00f6nnen. Eine weitere Nutzung der Daten oder eine Weitergabe findet nicht statt. Siehe hierzu auch unsere Datenschutzerkl\u00e4rung. Wir betreiben unser Hobby als Hobby, deshalb bitte nicht b\u00f6se sein wenn es etwas&hellip;","_links":{"self":[{"href":"https:\/\/bs-laichingeralb.de\/wordpress\/index.php?rest_route=\/wp\/v2\/pages\/201","targetHints":{"allow":["GET"]}}],"collection":[{"href":"https:\/\/bs-laichingeralb.de\/wordpress\/index.php?rest_route=\/wp\/v2\/pages"}],"about":[{"href":"https:\/\/bs-laichingeralb.de\/wordpress\/index.php?rest_route=\/wp\/v2\/types\/page"}],"author":[{"embeddable":true,"href":"https:\/\/bs-laichingeralb.de\/wordpress\/index.php?rest_route=\/wp\/v2\/users\/1"}],"replies":[{"embeddable":true,"href":"https:\/\/bs-laichingeralb.de\/wordpress\/index.php?rest_route=%2Fwp%2Fv2%2Fcomments&post=201"}],"version-history":[{"count":1,"href":"https:\/\/bs-laichingeralb.de\/wordpress\/index.php?rest_route=\/wp\/v2\/pages\/201\/revisions"}],"predecessor-version":[{"id":202,"href":"https:\/\/bs-laichingeralb.de\/wordpress\/index.php?rest_route=\/wp\/v2\/pages\/201\/revisions\/202"}],"wp:attachment":[{"href":"https:\/\/bs-laichingeralb.de\/wordpress\/index.php?rest_route=%2Fwp%2Fv2%2Fmedia&parent=201"}],"curies":[{"name":"wp","href":"https:\/\/api.w.org\/{rel}","templated":true}]}}