{"id":380,"date":"2022-09-02T12:25:00","date_gmt":"2022-09-02T12:25:00","guid":{"rendered":"https:\/\/bs-laichingeralb.de\/wordpress\/?page_id=380"},"modified":"2022-09-03T10:30:31","modified_gmt":"2022-09-03T10:30:31","slug":"anfahrt","status":"publish","type":"page","link":"https:\/\/bs-laichingeralb.de\/wordpress\/?page_id=380","title":{"rendered":"Anfahrt"},"content":{"rendered":"\n<h2 class=\"wp-block-heading\">Anfahrt zum Vereinsgel\u00e4nde<\/h2>\n\n\n\n<ul class=\"wp-block-list\"><li>In Westerheim auf der Wiesensteiger Stra\u00dfe in Richtung Wiesensteig fahren.<\/li><li>Kurz vor Ortsende dem Hinweisschild zur &#8222;Schertelsh\u00f6hle&#8220; folgen.<\/li><li>Nach ca. 200 Metern (Firma Meba auf der rechten Seite) bei der Gabelung rechts halten\/ in Richtung J\u00e4gerhof (M\u00fchlweg).<\/li><li>Der Stra\u00dfe, die durch den J\u00e4gerhof geht, ca. 800m folgen.<\/li><li>Das Gel\u00e4nde liegt dann auf der rechten Seite in einem schmalen Waldstreifen.<\/li><\/ul>\n\n\n\n<ul class=\"has-vivid-red-color has-text-color wp-block-list\"><li><strong>Achtung:&nbsp;Der Weg f\u00fchrt durch den J\u00e4gerhof, der beidseitig der Stra\u00dfe liegt. Dort bitte unbedingt Schritttempo fahren, da jederzeit mit Tieren und Personen zu rechnen ist.<\/strong><\/li><\/ul>\n\n\n\n<ul class=\"wp-block-list\"><li>Die druckbare Anfahrtsskizze kann unter folgendem<a href=\"https:\/\/bs-laichingeralb.de\/wordpress\/wp-content\/uploads\/2022\/04\/AnfahrtBSLA.pdf\">&nbsp;Link<\/a>&nbsp;heruntergeladen werden.<\/li><li>Auf GoogleMaps findet Ihr&nbsp;<a href=\"http:\/\/maps.google.com\/maps?q=48.533269,9.618695&amp;num=1&amp;t=h&amp;sll=48.526098,9.619045&amp;sspn=0.038199,0.076475&amp;ie=UTF8&amp;ll=48.530134,9.621921&amp;spn=0.019098,0.038238&amp;z=14\">hier<\/a>&nbsp;den passenden Kartenausschnitt. Der gr\u00fcne Pfeil markiert das Gel\u00e4nde.<\/li><\/ul>\n\n\n\n<p><\/p>\n\n\n\n<p class=\"has-medium-font-size\">Adresse der Halle \/ Nur w\u00e4hrend der Hallensaison nutzbar<\/p>\n\n\n\n<p>Lindenhalle Machtolsheim<br>Lindenstra\u00dfe<br>89150 Laichingen, Machtolsheim<\/p>\n","protected":false},"excerpt":{"rendered":"<p>Anfahrt zum Vereinsgel\u00e4nde In Westerheim auf der Wiesensteiger Stra\u00dfe in Richtung Wiesensteig fahren. Kurz vor Ortsende dem Hinweisschild zur &#8222;Schertelsh\u00f6hle&#8220; folgen. Nach ca. 200 Metern (Firma Meba auf der rechten Seite) bei der Gabelung rechts halten\/ in Richtung J\u00e4gerhof (M\u00fchlweg). Der Stra\u00dfe, die durch den J\u00e4gerhof geht, ca. 800m folgen. Das Gel\u00e4nde liegt dann auf [&hellip;]<\/p>\n","protected":false},"author":1,"featured_media":0,"parent":0,"menu_order":0,"comment_status":"closed","ping_status":"closed","template":"","meta":{"_uag_custom_page_level_css":"","site-sidebar-layout":"default","site-content-layout":"","ast-site-content-layout":"default","site-content-style":"default","site-sidebar-style":"default","ast-global-header-display":"","ast-banner-title-visibility":"","ast-main-header-display":"","ast-hfb-above-header-display":"","ast-hfb-below-header-display":"","ast-hfb-mobile-header-display":"","site-post-title":"","ast-breadcrumbs-content":"","ast-featured-img":"","footer-sml-layout":"","ast-disable-related-posts":"","theme-transparent-header-meta":"","adv-header-id-meta":"","stick-header-meta":"","header-above-stick-meta":"","header-main-stick-meta":"","header-below-stick-meta":"","astra-migrate-meta-layouts":"default","ast-page-background-enabled":"default","ast-page-background-meta":{"desktop":{"background-color":"var(--ast-global-color-4)","background-image":"","background-repeat":"repeat","background-position":"center center","background-size":"auto","background-attachment":"scroll","background-type":"","background-media":"","overlay-type":"","overlay-color":"","overlay-opacity":"","overlay-gradient":""},"tablet":{"background-color":"","background-image":"","background-repeat":"repeat","background-position":"center center","background-size":"auto","background-attachment":"scroll","background-type":"","background-media":"","overlay-type":"","overlay-color":"","overlay-opacity":"","overlay-gradient":""},"mobile":{"background-color":"","background-image":"","background-repeat":"repeat","background-position":"center center","background-size":"auto","background-attachment":"scroll","background-type":"","background-media":"","overlay-type":"","overlay-color":"","overlay-opacity":"","overlay-gradient":""}},"ast-content-background-meta":{"desktop":{"background-color":"var(--ast-global-color-5)","background-image":"","background-repeat":"repeat","background-position":"center center","background-size":"auto","background-attachment":"scroll","background-type":"","background-media":"","overlay-type":"","overlay-color":"","overlay-opacity":"","overlay-gradient":""},"tablet":{"background-color":"var(--ast-global-color-5)","background-image":"","background-repeat":"repeat","background-position":"center center","background-size":"auto","background-attachment":"scroll","background-type":"","background-media":"","overlay-type":"","overlay-color":"","overlay-opacity":"","overlay-gradient":""},"mobile":{"background-color":"var(--ast-global-color-5)","background-image":"","background-repeat":"repeat","background-position":"center center","background-size":"auto","background-attachment":"scroll","background-type":"","background-media":"","overlay-type":"","overlay-color":"","overlay-opacity":"","overlay-gradient":""}},"_mc_calendar":[],"footnotes":""},"class_list":["post-380","page","type-page","status-publish","hentry"],"uagb_featured_image_src":{"full":false,"thumbnail":false,"medium":false,"medium_large":false,"large":false,"1536x1536":false,"2048x2048":false},"uagb_author_info":{"display_name":"admin","author_link":"https:\/\/bs-laichingeralb.de\/wordpress\/?author=1"},"uagb_comment_info":0,"uagb_excerpt":"Anfahrt zum Vereinsgel\u00e4nde In Westerheim auf der Wiesensteiger Stra\u00dfe in Richtung Wiesensteig fahren. Kurz vor Ortsende dem Hinweisschild zur &#8222;Schertelsh\u00f6hle&#8220; folgen. Nach ca. 200 Metern (Firma Meba auf der rechten Seite) bei der Gabelung rechts halten\/ in Richtung J\u00e4gerhof (M\u00fchlweg). Der Stra\u00dfe, die durch den J\u00e4gerhof geht, ca. 800m folgen. Das Gel\u00e4nde liegt dann auf&hellip;","_links":{"self":[{"href":"https:\/\/bs-laichingeralb.de\/wordpress\/index.php?rest_route=\/wp\/v2\/pages\/380","targetHints":{"allow":["GET"]}}],"collection":[{"href":"https:\/\/bs-laichingeralb.de\/wordpress\/index.php?rest_route=\/wp\/v2\/pages"}],"about":[{"href":"https:\/\/bs-laichingeralb.de\/wordpress\/index.php?rest_route=\/wp\/v2\/types\/page"}],"author":[{"embeddable":true,"href":"https:\/\/bs-laichingeralb.de\/wordpress\/index.php?rest_route=\/wp\/v2\/users\/1"}],"replies":[{"embeddable":true,"href":"https:\/\/bs-laichingeralb.de\/wordpress\/index.php?rest_route=%2Fwp%2Fv2%2Fcomments&post=380"}],"version-history":[{"count":1,"href":"https:\/\/bs-laichingeralb.de\/wordpress\/index.php?rest_route=\/wp\/v2\/pages\/380\/revisions"}],"predecessor-version":[{"id":381,"href":"https:\/\/bs-laichingeralb.de\/wordpress\/index.php?rest_route=\/wp\/v2\/pages\/380\/revisions\/381"}],"wp:attachment":[{"href":"https:\/\/bs-laichingeralb.de\/wordpress\/index.php?rest_route=%2Fwp%2Fv2%2Fmedia&parent=380"}],"curies":[{"name":"wp","href":"https:\/\/api.w.org\/{rel}","templated":true}]}}