{"id":68,"date":"2022-04-30T06:01:22","date_gmt":"2022-04-30T06:01:22","guid":{"rendered":"https:\/\/bs-laichingeralb.de\/wordpress\/?page_id=68"},"modified":"2022-04-30T06:02:45","modified_gmt":"2022-04-30T06:02:45","slug":"wir-ueber-uns","status":"publish","type":"page","link":"https:\/\/bs-laichingeralb.de\/wordpress\/?page_id=68","title":{"rendered":"Wir \u00fcber uns"},"content":{"rendered":"\n<h2 class=\"wp-block-heading\">Entstehung und Mitglieder<\/h2>\n\n\n\n<p>Der Verein Bogensport Laichinger Alb wurde im Mai 2010 von damals 13 begeisterten Bogensportlern gegr\u00fcndet. Anlass war der Wunsch dem Bogensport auf der schw\u00e4bischen Alb eine eigene Heimat zu geben. Wir, das sind zwischenzeitlich fast 50 Bogensportler unterschiedlichster Ausrichtung. Eine bunte und gesunde Mischung aus Hobby- und Freizeitsportlern, Leistungssportlern, behinderten und nichtbehinderten Sportlern, alt und jung, m\u00e4nnlich und weiblich. Dazu geh\u00f6rt auch die amtierende Mannschaftseuropa- und Mannschaftsvizeweltmeisterin im Behindertensport Lucia Kupczyk. Begleitet und betreut werden die Sportler und Sportlerinnen von einem lizenzierten Trainer, einem Jugendleiter sowie einem nationalen Kampfrichter.<\/p>\n\n\n\n<h2 class=\"wp-block-heading\">Inklusion, Ehrenamt und regionales Engagement im Bogensport<\/h2>\n\n\n\n<p><a href=\"https:\/\/bs-laichingeralb.de\/Images\/Webseite\/Verein\/LuciaJessi.jpg\"><\/a>Unser Ziel ist es allen interessierten Erwachsenen, Jugendlichen und Kindern den Bogensport nahezubringen und sie in der Aus\u00fcbung dieses Sportes zu unterst\u00fctzen. Dieses Ziel haben wir in unserer Satzung verankert und leben es auch. So veranstalten wir seit Jahren f\u00fcr die Gemeinden des Umlandes im Rahmen des Sommerferienprogrammes entsprechende Veranstaltungen f\u00fcr Sch\u00fcler und Jugendliche. Auch richtet der Verein regelm\u00e4\u00dfig die Landesmeisterschaften Halle im Behindertensport aus und wir stellen Kampfrichter f\u00fcr Kreis-, Bezirks- und Landesmeisterschaften. Ebenso sind wir mit unseren Mitgliedern in verschiedenen Ehren\u00e4mtern der entsprechenden Verb\u00e4nde auf Kreis- Landes und nationaler Ebene aktiv t\u00e4tig. Unter anderem waren einige unserer Mitglieder als Volont\u00e4re an der Ausrichtung der Para-WM im Bogensport 2015 beteiligt und der ehemalige Teammanager der behinderten Nationalmannschaft Matthias Meudt geh\u00f6rt auch zu unserem Verein.<\/p>\n\n\n\n<h2 class=\"wp-block-heading\">Angebote f\u00fcr Bogensportfreunde und Bogensportinteressierte<\/h2>\n\n\n\n<p>Wir bieten allen Freunden des Bogensportes und solchen die es werden wollen:<\/p>\n\n\n\n<ul class=\"wp-block-list\"><li>Eine zentrale Anlaufstelle f\u00fcr die ersten Schritte im Bogensport, unabh\u00e4ngig von der gew\u00fcnschten Bogengattung oder Zielen.<\/li><li>Material und Know-How mit dem sie bei ihrem Firmenevent die Aspekte Teamentwicklung und Steigerung der Konzentrationsf\u00e4higkeit des Einzelnen in einem sportlichen Umfeld spielerisch kombinieren k\u00f6nnen.<\/li><\/ul>\n","protected":false},"excerpt":{"rendered":"<p>Entstehung und Mitglieder Der Verein Bogensport Laichinger Alb wurde im Mai 2010 von damals 13 begeisterten Bogensportlern gegr\u00fcndet. Anlass war der Wunsch dem Bogensport auf der schw\u00e4bischen Alb eine eigene Heimat zu geben. Wir, das sind zwischenzeitlich fast 50 Bogensportler unterschiedlichster Ausrichtung. Eine bunte und gesunde Mischung aus Hobby- und Freizeitsportlern, Leistungssportlern, behinderten und nichtbehinderten [&hellip;]<\/p>\n","protected":false},"author":1,"featured_media":0,"parent":0,"menu_order":0,"comment_status":"closed","ping_status":"closed","template":"","meta":{"_uag_custom_page_level_css":"","site-sidebar-layout":"default","site-content-layout":"","ast-site-content-layout":"default","site-content-style":"default","site-sidebar-style":"default","ast-global-header-display":"","ast-banner-title-visibility":"","ast-main-header-display":"","ast-hfb-above-header-display":"","ast-hfb-below-header-display":"","ast-hfb-mobile-header-display":"","site-post-title":"","ast-breadcrumbs-content":"","ast-featured-img":"","footer-sml-layout":"","ast-disable-related-posts":"","theme-transparent-header-meta":"","adv-header-id-meta":"","stick-header-meta":"","header-above-stick-meta":"","header-main-stick-meta":"","header-below-stick-meta":"","astra-migrate-meta-layouts":"default","ast-page-background-enabled":"default","ast-page-background-meta":{"desktop":{"background-color":"var(--ast-global-color-4)","background-image":"","background-repeat":"repeat","background-position":"center center","background-size":"auto","background-attachment":"scroll","background-type":"","background-media":"","overlay-type":"","overlay-color":"","overlay-opacity":"","overlay-gradient":""},"tablet":{"background-color":"","background-image":"","background-repeat":"repeat","background-position":"center center","background-size":"auto","background-attachment":"scroll","background-type":"","background-media":"","overlay-type":"","overlay-color":"","overlay-opacity":"","overlay-gradient":""},"mobile":{"background-color":"","background-image":"","background-repeat":"repeat","background-position":"center center","background-size":"auto","background-attachment":"scroll","background-type":"","background-media":"","overlay-type":"","overlay-color":"","overlay-opacity":"","overlay-gradient":""}},"ast-content-background-meta":{"desktop":{"background-color":"var(--ast-global-color-5)","background-image":"","background-repeat":"repeat","background-position":"center center","background-size":"auto","background-attachment":"scroll","background-type":"","background-media":"","overlay-type":"","overlay-color":"","overlay-opacity":"","overlay-gradient":""},"tablet":{"background-color":"var(--ast-global-color-5)","background-image":"","background-repeat":"repeat","background-position":"center center","background-size":"auto","background-attachment":"scroll","background-type":"","background-media":"","overlay-type":"","overlay-color":"","overlay-opacity":"","overlay-gradient":""},"mobile":{"background-color":"var(--ast-global-color-5)","background-image":"","background-repeat":"repeat","background-position":"center center","background-size":"auto","background-attachment":"scroll","background-type":"","background-media":"","overlay-type":"","overlay-color":"","overlay-opacity":"","overlay-gradient":""}},"_mc_calendar":[],"footnotes":""},"class_list":["post-68","page","type-page","status-publish","hentry"],"uagb_featured_image_src":{"full":false,"thumbnail":false,"medium":false,"medium_large":false,"large":false,"1536x1536":false,"2048x2048":false},"uagb_author_info":{"display_name":"admin","author_link":"https:\/\/bs-laichingeralb.de\/wordpress\/?author=1"},"uagb_comment_info":0,"uagb_excerpt":"Entstehung und Mitglieder Der Verein Bogensport Laichinger Alb wurde im Mai 2010 von damals 13 begeisterten Bogensportlern gegr\u00fcndet. Anlass war der Wunsch dem Bogensport auf der schw\u00e4bischen Alb eine eigene Heimat zu geben. Wir, das sind zwischenzeitlich fast 50 Bogensportler unterschiedlichster Ausrichtung. Eine bunte und gesunde Mischung aus Hobby- und Freizeitsportlern, Leistungssportlern, behinderten und nichtbehinderten&hellip;","_links":{"self":[{"href":"https:\/\/bs-laichingeralb.de\/wordpress\/index.php?rest_route=\/wp\/v2\/pages\/68","targetHints":{"allow":["GET"]}}],"collection":[{"href":"https:\/\/bs-laichingeralb.de\/wordpress\/index.php?rest_route=\/wp\/v2\/pages"}],"about":[{"href":"https:\/\/bs-laichingeralb.de\/wordpress\/index.php?rest_route=\/wp\/v2\/types\/page"}],"author":[{"embeddable":true,"href":"https:\/\/bs-laichingeralb.de\/wordpress\/index.php?rest_route=\/wp\/v2\/users\/1"}],"replies":[{"embeddable":true,"href":"https:\/\/bs-laichingeralb.de\/wordpress\/index.php?rest_route=%2Fwp%2Fv2%2Fcomments&post=68"}],"version-history":[{"count":1,"href":"https:\/\/bs-laichingeralb.de\/wordpress\/index.php?rest_route=\/wp\/v2\/pages\/68\/revisions"}],"predecessor-version":[{"id":69,"href":"https:\/\/bs-laichingeralb.de\/wordpress\/index.php?rest_route=\/wp\/v2\/pages\/68\/revisions\/69"}],"wp:attachment":[{"href":"https:\/\/bs-laichingeralb.de\/wordpress\/index.php?rest_route=%2Fwp%2Fv2%2Fmedia&parent=68"}],"curies":[{"name":"wp","href":"https:\/\/api.w.org\/{rel}","templated":true}]}}