{"id":70,"date":"2022-04-30T06:04:02","date_gmt":"2022-04-30T06:04:02","guid":{"rendered":"https:\/\/bs-laichingeralb.de\/wordpress\/?page_id=70"},"modified":"2026-03-30T08:39:56","modified_gmt":"2026-03-30T08:39:56","slug":"ansprechpartner","status":"publish","type":"page","link":"https:\/\/bs-laichingeralb.de\/wordpress\/?page_id=70","title":{"rendered":"Ansprechpartner"},"content":{"rendered":"\n<p>Sie erreichen den Verein am einfachsten \u00fcber die zentrale E-Mail<\/p>\n\n\n\n<p><strong>infos(at)bs-laichingeralb.de<\/strong>.<\/p>\n\n\n\n<p>Bei Fragen zu speziellen Themen k\u00f6nnen Sie sich gern auch direkt an eine der auf dieser Seite genannten Personen wenden.<\/p>\n\n\n\n<p>Sollten Sie uns gern einmal pers\u00f6nlich treffen wollen, erfahren Sie&nbsp;<a href=\"https:\/\/bs-laichingeralb.de\/index.php?page=training\">hier<\/a>&nbsp;wann und wo wir trainieren.<\/p>\n\n\n\n<h2 class=\"wp-block-heading\">Vorstand<\/h2>\n\n\n\n<figure class=\"wp-block-table\"><table><tbody><tr><td><\/td><td><strong>Vorsitzender des Vorstandes<\/strong><\/td><td><strong>Schatzmeister<\/strong><\/td><td><strong>Schriftf\u00fchrer<\/strong><\/td><\/tr><tr><td><\/td><td><\/td><td><\/td><td><\/td><\/tr><tr><td><\/td><td>Matthias Meudt<\/td><td>Dr. Ralf Sattler<\/td><td>Joachim Payer<\/td><\/tr><tr><td>\u2709<\/td><td>Goethestr. 26\/2<br>89150 Laichingen<\/td><td>Hindenburgstra\u00dfe 8<br>89150 Laichingen<\/td><td><\/td><\/tr><tr><td>\u260e<\/td><td>07333 \/ 95 04 08<\/td><td>07333 \/ 957 9839<\/td><td><\/td><\/tr><tr><td>\ud83d\udcf1<\/td><td><\/td><td>0176 \/ 3440 7937<\/td><td><\/td><\/tr><tr><td>\ud83d\udce7<\/td><td>Vorstandsvorsitzender(at)bs-laichingeralb.de<\/td><td>kasse(at)bs-laichingeralb.de<\/td><td>schrift(at)bs-laichingeralb.de<\/td><\/tr><\/tbody><\/table><\/figure>\n\n\n\n<h2 class=\"wp-block-heading\">Abteilungsleiter<\/h2>\n\n\n\n<figure class=\"wp-block-table\"><table><tbody><tr><td><\/td><td><strong>Abteilungsleiter Jugend<\/strong><\/td><td><strong>Sprecher der Jugend<\/strong><\/td><td><strong>Abteilungsleiterin Behindertensport<\/strong><\/td><\/tr><tr><td><\/td><td><a href=\"https:\/\/bs-laichingeralb.de\/Images\/Webseite\/Kontakt\/MariaSattler.jpg\" target=\"_blank\" rel=\"noreferrer noopener\"><\/a><\/td><td><a href=\"https:\/\/bs-laichingeralb.de\/Images\/Webseite\/Kontakt\/DarioGrosz.jpg\" target=\"_blank\" rel=\"noreferrer noopener\"><\/a><\/td><td><\/td><\/tr><tr><td><\/td><td>Nina Wiegand<\/td><td>Dario Grosz<\/td><td>Lucia Kupczyk<\/td><\/tr><tr><td>\ud83d\udce7<\/td><td>bogenjugend(at)bs-laichingeralb.de<\/td><td>bogenjugend(at)bs-laichingeralb.de<\/td><td>rolli(at)bs-laichingeralb.de<\/td><\/tr><tr><td>\u260e<\/td><td><\/td><td><\/td><td><\/td><\/tr><\/tbody><\/table><\/figure>\n\n\n\n<p><\/p>\n","protected":false},"excerpt":{"rendered":"<p>Sie erreichen den Verein am einfachsten \u00fcber die zentrale E-Mail infos(at)bs-laichingeralb.de. Bei Fragen zu speziellen Themen k\u00f6nnen Sie sich gern auch direkt an eine der auf dieser Seite genannten Personen wenden. Sollten Sie uns gern einmal pers\u00f6nlich treffen wollen, erfahren Sie&nbsp;hier&nbsp;wann und wo wir trainieren. Vorstand Vorsitzender des Vorstandes Schatzmeister Schriftf\u00fchrer Matthias Meudt Dr. Ralf [&hellip;]<\/p>\n","protected":false},"author":1,"featured_media":0,"parent":0,"menu_order":0,"comment_status":"closed","ping_status":"closed","template":"","meta":{"_uag_custom_page_level_css":"","site-sidebar-layout":"default","site-content-layout":"","ast-site-content-layout":"default","site-content-style":"default","site-sidebar-style":"default","ast-global-header-display":"","ast-banner-title-visibility":"","ast-main-header-display":"","ast-hfb-above-header-display":"","ast-hfb-below-header-display":"","ast-hfb-mobile-header-display":"","site-post-title":"","ast-breadcrumbs-content":"","ast-featured-img":"","footer-sml-layout":"","ast-disable-related-posts":"","theme-transparent-header-meta":"","adv-header-id-meta":"","stick-header-meta":"","header-above-stick-meta":"","header-main-stick-meta":"","header-below-stick-meta":"","astra-migrate-meta-layouts":"set","ast-page-background-enabled":"default","ast-page-background-meta":{"desktop":{"background-color":"var(--ast-global-color-4)","background-image":"","background-repeat":"repeat","background-position":"center center","background-size":"auto","background-attachment":"scroll","background-type":"","background-media":"","overlay-type":"","overlay-color":"","overlay-opacity":"","overlay-gradient":""},"tablet":{"background-color":"","background-image":"","background-repeat":"repeat","background-position":"center center","background-size":"auto","background-attachment":"scroll","background-type":"","background-media":"","overlay-type":"","overlay-color":"","overlay-opacity":"","overlay-gradient":""},"mobile":{"background-color":"","background-image":"","background-repeat":"repeat","background-position":"center center","background-size":"auto","background-attachment":"scroll","background-type":"","background-media":"","overlay-type":"","overlay-color":"","overlay-opacity":"","overlay-gradient":""}},"ast-content-background-meta":{"desktop":{"background-color":"var(--ast-global-color-5)","background-image":"","background-repeat":"repeat","background-position":"center center","background-size":"auto","background-attachment":"scroll","background-type":"","background-media":"","overlay-type":"","overlay-color":"","overlay-opacity":"","overlay-gradient":""},"tablet":{"background-color":"var(--ast-global-color-5)","background-image":"","background-repeat":"repeat","background-position":"center center","background-size":"auto","background-attachment":"scroll","background-type":"","background-media":"","overlay-type":"","overlay-color":"","overlay-opacity":"","overlay-gradient":""},"mobile":{"background-color":"var(--ast-global-color-5)","background-image":"","background-repeat":"repeat","background-position":"center center","background-size":"auto","background-attachment":"scroll","background-type":"","background-media":"","overlay-type":"","overlay-color":"","overlay-opacity":"","overlay-gradient":""}},"_mc_calendar":[],"footnotes":""},"class_list":["post-70","page","type-page","status-publish","hentry"],"uagb_featured_image_src":{"full":false,"thumbnail":false,"medium":false,"medium_large":false,"large":false,"1536x1536":false,"2048x2048":false},"uagb_author_info":{"display_name":"admin","author_link":"https:\/\/bs-laichingeralb.de\/wordpress\/?author=1"},"uagb_comment_info":0,"uagb_excerpt":"Sie erreichen den Verein am einfachsten \u00fcber die zentrale E-Mail infos(at)bs-laichingeralb.de. Bei Fragen zu speziellen Themen k\u00f6nnen Sie sich gern auch direkt an eine der auf dieser Seite genannten Personen wenden. Sollten Sie uns gern einmal pers\u00f6nlich treffen wollen, erfahren Sie&nbsp;hier&nbsp;wann und wo wir trainieren. Vorstand Vorsitzender des Vorstandes Schatzmeister Schriftf\u00fchrer Matthias Meudt Dr. Ralf&hellip;","_links":{"self":[{"href":"https:\/\/bs-laichingeralb.de\/wordpress\/index.php?rest_route=\/wp\/v2\/pages\/70","targetHints":{"allow":["GET"]}}],"collection":[{"href":"https:\/\/bs-laichingeralb.de\/wordpress\/index.php?rest_route=\/wp\/v2\/pages"}],"about":[{"href":"https:\/\/bs-laichingeralb.de\/wordpress\/index.php?rest_route=\/wp\/v2\/types\/page"}],"author":[{"embeddable":true,"href":"https:\/\/bs-laichingeralb.de\/wordpress\/index.php?rest_route=\/wp\/v2\/users\/1"}],"replies":[{"embeddable":true,"href":"https:\/\/bs-laichingeralb.de\/wordpress\/index.php?rest_route=%2Fwp%2Fv2%2Fcomments&post=70"}],"version-history":[{"count":8,"href":"https:\/\/bs-laichingeralb.de\/wordpress\/index.php?rest_route=\/wp\/v2\/pages\/70\/revisions"}],"predecessor-version":[{"id":828,"href":"https:\/\/bs-laichingeralb.de\/wordpress\/index.php?rest_route=\/wp\/v2\/pages\/70\/revisions\/828"}],"wp:attachment":[{"href":"https:\/\/bs-laichingeralb.de\/wordpress\/index.php?rest_route=%2Fwp%2Fv2%2Fmedia&parent=70"}],"curies":[{"name":"wp","href":"https:\/\/api.w.org\/{rel}","templated":true}]}}