{"id":88,"date":"2022-04-30T06:21:54","date_gmt":"2022-04-30T06:21:54","guid":{"rendered":"https:\/\/bs-laichingeralb.de\/wordpress\/?page_id=88"},"modified":"2025-10-17T09:01:27","modified_gmt":"2025-10-17T09:01:27","slug":"training","status":"publish","type":"page","link":"https:\/\/bs-laichingeralb.de\/wordpress\/?page_id=88","title":{"rendered":"Training"},"content":{"rendered":"\n<p>Ab hier findet ihr alles rund ums Training. Aktuelle Meldungen, spez. ge\u00e4nderte Trainingszeiten finden sich nat\u00fcrlich ganz oben .<\/p>\n\n\n\n<h1 class=\"wp-block-heading\">Freiluftsaison<\/h1>\n\n\n\n<p>Die Freiluftsaison ist bis April 2026 beendet. Ab dem 18.10.25 findet das Training in der Halle Machtolsheim statt.<\/p>\n\n\n\n<figure class=\"wp-block-table\"><table><thead><tr><td>Wann?<\/td><td>Wer?<\/td><td>Wo?<\/td><\/tr><\/thead><tbody><tr><td>Montag<\/td><td>ab 17:00 Uhr<\/td><td>freies Training Erwachsene<\/td><td>auf dem Vereinsgel\u00e4nde<\/td><\/tr><tr><td>Dienstag<\/td><td>ab 17:00 Uhr<\/td><td>alle Feldbogeninteressierten<\/td><td>auf dem Vereinsgel\u00e4nde<\/td><\/tr><tr><td>Donnerstag<\/td><td>17:00 Uhr<\/td><td>Erwachsene<\/td><td>auf dem Vereinsgel\u00e4nde<\/td><\/tr><tr><td>Freitag<\/td><td>17:00 &#8211; 19:00 Uhr<\/td><td>Jugend<\/td><td>auf dem Vereinsgel\u00e4nde<\/td><\/tr><tr><td>Samstag<\/td><td>14:00 &#8211; 15:30 Uhr<\/td><td>Jugend und Erwachsene<\/td><td>auf dem Vereinsgel\u00e4nde<\/td><\/tr><tr><td>Samstag<\/td><td>ab 15:30 Uhr<\/td><td>Erwachsene<\/td><td>auf dem Vereinsgel\u00e4nde<\/td><\/tr><\/tbody><\/table><figcaption class=\"wp-element-caption\">Stand M\u00e4rz 2024<\/figcaption><\/figure>\n\n\n\n<h2 class=\"wp-block-heading\">Anfahrt zum Vereinsgel\u00e4nde<\/h2>\n\n\n\n<ul class=\"wp-block-list\">\n<li>In Westerheim auf der Wiesensteiger Stra\u00dfe in Richtung Wiesensteig fahren.<\/li>\n\n\n\n<li>Kurz vor Ortsende dem Hinweisschild zur &#8222;Schertelsh\u00f6hle&#8220; folgen.<\/li>\n\n\n\n<li>Nach ca. 200 Metern (Firma Meba auf der rechten Seite) bei der Gabelung rechts halten\/ in Richtung J\u00e4gerhof (M\u00fchlweg).<\/li>\n\n\n\n<li>Der Stra\u00dfe, die durch den J\u00e4gerhof geht, ca. 800m folgen.<\/li>\n\n\n\n<li>Das Gel\u00e4nde liegt dann auf der rechten Seite in einem schmalen Waldstreifen.<\/li>\n<\/ul>\n\n\n\n<ul class=\"wp-block-list\">\n<li><strong>Achtung:&nbsp;Der Weg f\u00fchrt durch den J\u00e4gerhof, der beidseitig der Stra\u00dfe liegt. Dort bitte unbedingt Schritttempo fahren, da jederzeit mit Tieren und Personen zu rechnen ist.<\/strong><\/li>\n<\/ul>\n\n\n\n<ul class=\"wp-block-list\">\n<li>Die druckbare Anfahrtsskizze kann unter folgendem<a href=\"https:\/\/bs-laichingeralb.de\/wordpress\/wp-content\/uploads\/2022\/04\/AnfahrtBSLA.pdf\">&nbsp;Link<\/a>&nbsp;heruntergeladen werden.<\/li>\n\n\n\n<li>Auf GoogleMaps findet Ihr&nbsp;<a href=\"http:\/\/maps.google.com\/maps?q=48.533269,9.618695&amp;num=1&amp;t=h&amp;sll=48.526098,9.619045&amp;sspn=0.038199,0.076475&amp;ie=UTF8&amp;ll=48.530134,9.621921&amp;spn=0.019098,0.038238&amp;z=14\">hier<\/a>&nbsp;den passenden Kartenausschnitt. Der gr\u00fcne Pfeil markiert das Gel\u00e4nde.<\/li>\n<\/ul>\n\n\n\n<h1 class=\"wp-block-heading\">Hallensaison<\/h1>\n\n\n\n<p class=\"has-vivid-red-color has-text-color has-link-color wp-elements-6566bf5cdc301672df35c54c42d9166d\">Das Hallentraining ist ab dem 18.10.2025 er\u00f6ffnet.<br>Bitte beachten: Wir haben ab dem Jahr 2025 ge\u00e4nderte Trainingszeiten. <\/p>\n\n\n\n<figure class=\"wp-block-table\"><table><thead><tr><td>Wann?<\/td><td>Wer?<\/td><td>Wo?<\/td><\/tr><\/thead><tbody><tr><td>Mittwoch<\/td><td>19:00 &#8211; 21:30 Uhr<\/td><td>Erwachsene<\/td><td>Lindenhalle<\/td><\/tr><tr><td>Freitag<\/td><td>18:00 &#8211; 20:00 Uhr<\/td><td>Erwachsene<\/td><td>Lindenhalle<\/td><\/tr><tr><td>Samstag<\/td><td>13:30 &#8211; 15:00 Uhr<\/td><td>Sch\u00fcler \/ Jugend \/ Einsteiger<\/td><td>Sporthalle<\/td><\/tr><tr><td>Samstag<\/td><td>15:15 &#8211; 17:30 Uhr<\/td><td>Erwachsene<\/td><td>Sporthalle<\/td><\/tr><\/tbody><\/table><figcaption class=\"wp-element-caption\">Stand Oktober 2025<\/figcaption><\/figure>\n\n\n\n<h2 class=\"wp-block-heading\">Adresse der Halle<\/h2>\n\n\n\n<p>Lindenhalle Machtolsheim<br>Lindenstra\u00dfe<br>89150 Laichingen, Machtolsheim<\/p>\n","protected":false},"excerpt":{"rendered":"<p>Ab hier findet ihr alles rund ums Training. Aktuelle Meldungen, spez. ge\u00e4nderte Trainingszeiten finden sich nat\u00fcrlich ganz oben . Freiluftsaison Die Freiluftsaison ist bis April 2026 beendet. Ab dem 18.10.25 findet das Training in der Halle Machtolsheim statt. Wann? Wer? Wo? Montag ab 17:00 Uhr freies Training Erwachsene auf dem Vereinsgel\u00e4nde Dienstag ab 17:00 Uhr [&hellip;]<\/p>\n","protected":false},"author":1,"featured_media":0,"parent":0,"menu_order":0,"comment_status":"closed","ping_status":"closed","template":"","meta":{"_uag_custom_page_level_css":"","site-sidebar-layout":"default","site-content-layout":"","ast-site-content-layout":"default","site-content-style":"default","site-sidebar-style":"default","ast-global-header-display":"","ast-banner-title-visibility":"","ast-main-header-display":"","ast-hfb-above-header-display":"","ast-hfb-below-header-display":"","ast-hfb-mobile-header-display":"","site-post-title":"","ast-breadcrumbs-content":"","ast-featured-img":"","footer-sml-layout":"","ast-disable-related-posts":"","theme-transparent-header-meta":"","adv-header-id-meta":"","stick-header-meta":"","header-above-stick-meta":"","header-main-stick-meta":"","header-below-stick-meta":"","astra-migrate-meta-layouts":"set","ast-page-background-enabled":"default","ast-page-background-meta":{"desktop":{"background-color":"var(--ast-global-color-4)","background-image":"","background-repeat":"repeat","background-position":"center center","background-size":"auto","background-attachment":"scroll","background-type":"","background-media":"","overlay-type":"","overlay-color":"","overlay-opacity":"","overlay-gradient":""},"tablet":{"background-color":"","background-image":"","background-repeat":"repeat","background-position":"center center","background-size":"auto","background-attachment":"scroll","background-type":"","background-media":"","overlay-type":"","overlay-color":"","overlay-opacity":"","overlay-gradient":""},"mobile":{"background-color":"","background-image":"","background-repeat":"repeat","background-position":"center center","background-size":"auto","background-attachment":"scroll","background-type":"","background-media":"","overlay-type":"","overlay-color":"","overlay-opacity":"","overlay-gradient":""}},"ast-content-background-meta":{"desktop":{"background-color":"var(--ast-global-color-5)","background-image":"","background-repeat":"repeat","background-position":"center center","background-size":"auto","background-attachment":"scroll","background-type":"","background-media":"","overlay-type":"","overlay-color":"","overlay-opacity":"","overlay-gradient":""},"tablet":{"background-color":"var(--ast-global-color-5)","background-image":"","background-repeat":"repeat","background-position":"center center","background-size":"auto","background-attachment":"scroll","background-type":"","background-media":"","overlay-type":"","overlay-color":"","overlay-opacity":"","overlay-gradient":""},"mobile":{"background-color":"var(--ast-global-color-5)","background-image":"","background-repeat":"repeat","background-position":"center center","background-size":"auto","background-attachment":"scroll","background-type":"","background-media":"","overlay-type":"","overlay-color":"","overlay-opacity":"","overlay-gradient":""}},"_mc_calendar":[],"footnotes":""},"class_list":["post-88","page","type-page","status-publish","hentry"],"uagb_featured_image_src":{"full":false,"thumbnail":false,"medium":false,"medium_large":false,"large":false,"1536x1536":false,"2048x2048":false},"uagb_author_info":{"display_name":"admin","author_link":"https:\/\/bs-laichingeralb.de\/wordpress\/?author=1"},"uagb_comment_info":0,"uagb_excerpt":"Ab hier findet ihr alles rund ums Training. Aktuelle Meldungen, spez. ge\u00e4nderte Trainingszeiten finden sich nat\u00fcrlich ganz oben . Freiluftsaison Die Freiluftsaison ist bis April 2026 beendet. Ab dem 18.10.25 findet das Training in der Halle Machtolsheim statt. Wann? Wer? Wo? Montag ab 17:00 Uhr freies Training Erwachsene auf dem Vereinsgel\u00e4nde Dienstag ab 17:00 Uhr&hellip;","_links":{"self":[{"href":"https:\/\/bs-laichingeralb.de\/wordpress\/index.php?rest_route=\/wp\/v2\/pages\/88","targetHints":{"allow":["GET"]}}],"collection":[{"href":"https:\/\/bs-laichingeralb.de\/wordpress\/index.php?rest_route=\/wp\/v2\/pages"}],"about":[{"href":"https:\/\/bs-laichingeralb.de\/wordpress\/index.php?rest_route=\/wp\/v2\/types\/page"}],"author":[{"embeddable":true,"href":"https:\/\/bs-laichingeralb.de\/wordpress\/index.php?rest_route=\/wp\/v2\/users\/1"}],"replies":[{"embeddable":true,"href":"https:\/\/bs-laichingeralb.de\/wordpress\/index.php?rest_route=%2Fwp%2Fv2%2Fcomments&post=88"}],"version-history":[{"count":10,"href":"https:\/\/bs-laichingeralb.de\/wordpress\/index.php?rest_route=\/wp\/v2\/pages\/88\/revisions"}],"predecessor-version":[{"id":821,"href":"https:\/\/bs-laichingeralb.de\/wordpress\/index.php?rest_route=\/wp\/v2\/pages\/88\/revisions\/821"}],"wp:attachment":[{"href":"https:\/\/bs-laichingeralb.de\/wordpress\/index.php?rest_route=%2Fwp%2Fv2%2Fmedia&parent=88"}],"curies":[{"name":"wp","href":"https:\/\/api.w.org\/{rel}","templated":true}]}}