{"id":99,"date":"2022-04-30T10:37:20","date_gmt":"2022-04-30T10:37:20","guid":{"rendered":"https:\/\/bs-laichingeralb.de\/wordpress\/?page_id=99"},"modified":"2022-04-30T13:54:44","modified_gmt":"2022-04-30T13:54:44","slug":"von-knut","status":"publish","type":"page","link":"https:\/\/bs-laichingeralb.de\/wordpress\/?page_id=99","title":{"rendered":"von Knut"},"content":{"rendered":"\n<p>Du wei\u00dft nicht wer ich bin. Dann muss ich mich wohl erst vorstellen.<\/p>\n\n\n\n<p>Ich bin Knut, das weitgereiste Maskottchen. <\/p>\n\n\n\n<figure class=\"wp-block-image size-large is-resized\"><img loading=\"lazy\" decoding=\"async\" src=\"https:\/\/bs-laichingeralb.de\/wordpress\/wp-content\/uploads\/2022\/04\/IMGP2744-862x1024.jpg\" alt=\"\" class=\"wp-image-112\" width=\"216\" height=\"256\" srcset=\"https:\/\/bs-laichingeralb.de\/wordpress\/wp-content\/uploads\/2022\/04\/IMGP2744-862x1024.jpg 862w, https:\/\/bs-laichingeralb.de\/wordpress\/wp-content\/uploads\/2022\/04\/IMGP2744-253x300.jpg 253w, https:\/\/bs-laichingeralb.de\/wordpress\/wp-content\/uploads\/2022\/04\/IMGP2744-768x912.jpg 768w, https:\/\/bs-laichingeralb.de\/wordpress\/wp-content\/uploads\/2022\/04\/IMGP2744-1294x1536.jpg 1294w, https:\/\/bs-laichingeralb.de\/wordpress\/wp-content\/uploads\/2022\/04\/IMGP2744.jpg 1617w\" sizes=\"auto, (max-width: 216px) 100vw, 216px\" \/><figcaption>Ich, Knut, im Rio Outfit das mir Maria gemacht hat.<\/figcaption><\/figure>\n\n\n\n<p>Ich habe von der Vereinsmeisterschaft bis zu den Finalk\u00e4mpfen der Paralympics , Welt- und Europameisterschaften schon \u00fcberall auf der Schiesslinie gestanden. Dank meiner guten Verbindungen zu Sportlern, Kampfrichtern und Funktion\u00e4ren h\u00f6re ich das Gras wachsen und kann auch in Problemf\u00e4llen oft mit einem guten Rat oder Informationen aus erster Hand helfen. Nat\u00fcrlich habe ich f\u00fcr Rio das passende Outfit und eine eigene Akkreditierung samt Visum, sonst h\u00e4tte ich ja nicht mitreisen d\u00fcrfen.<\/p>\n\n\n\n<p>Heute sehe ich mit Interesse den Menschen zu wie sie sich mit dem sch\u00f6nsten Hobby der Welt besch\u00e4ftigen. Und ja, ich muss nat\u00fcrlich immer mal wieder  aus meiner Perspektive berichten. <\/p>\n\n\n<ul class=\"wp-block-latest-posts__list has-dates wp-block-latest-posts\"><li><a class=\"wp-block-latest-posts__post-title\" href=\"https:\/\/bs-laichingeralb.de\/wordpress\/?p=106\">Arbeitseinsatz April 2022<\/a><time datetime=\"2022-04-30T11:05:32+00:00\" class=\"wp-block-latest-posts__post-date\">30.04.2022<\/time><div class=\"wp-block-latest-posts__post-excerpt\">Es ist vollbracht. Nach 2 wetterbedingten Verschiebungen, bei Schnee macht das nun mal keinen Sinn, gelang heute am 23.April der Einsatz auf unserem Trainingsgel\u00e4nde. Viele helfende H\u00e4nde und die Bereitschaft das m\u00f6glichst schnell zu erledigen f\u00fchrten dazu das wir die Reste unserer Arbeiten vom letzten Jahr schnell beseitigt hatten. Nat\u00fcrlich musste ich da ein Auge\u2026\u00a0<a class=\"wp-block-latest-posts__read-more\" href=\"https:\/\/bs-laichingeralb.de\/wordpress\/?p=106\" rel=\"noopener noreferrer\"><span class=\"screen-reader-text\">Arbeitseinsatz April 2022 <\/span>weiterlesen<\/a><\/div><\/li>\n<\/ul>","protected":false},"excerpt":{"rendered":"<p>Du wei\u00dft nicht wer ich bin. Dann muss ich mich wohl erst vorstellen. Ich bin Knut, das weitgereiste Maskottchen. Ich habe von der Vereinsmeisterschaft bis zu den Finalk\u00e4mpfen der Paralympics , Welt- und Europameisterschaften schon \u00fcberall auf der Schiesslinie gestanden. Dank meiner guten Verbindungen zu Sportlern, Kampfrichtern und Funktion\u00e4ren h\u00f6re ich das Gras wachsen und [&hellip;]<\/p>\n","protected":false},"author":1,"featured_media":0,"parent":0,"menu_order":0,"comment_status":"closed","ping_status":"closed","template":"","meta":{"_uag_custom_page_level_css":"","site-sidebar-layout":"default","site-content-layout":"","ast-site-content-layout":"default","site-content-style":"default","site-sidebar-style":"default","ast-global-header-display":"","ast-banner-title-visibility":"","ast-main-header-display":"","ast-hfb-above-header-display":"","ast-hfb-below-header-display":"","ast-hfb-mobile-header-display":"","site-post-title":"","ast-breadcrumbs-content":"","ast-featured-img":"","footer-sml-layout":"","ast-disable-related-posts":"","theme-transparent-header-meta":"","adv-header-id-meta":"","stick-header-meta":"","header-above-stick-meta":"","header-main-stick-meta":"","header-below-stick-meta":"","astra-migrate-meta-layouts":"default","ast-page-background-enabled":"default","ast-page-background-meta":{"desktop":{"background-color":"var(--ast-global-color-4)","background-image":"","background-repeat":"repeat","background-position":"center center","background-size":"auto","background-attachment":"scroll","background-type":"","background-media":"","overlay-type":"","overlay-color":"","overlay-opacity":"","overlay-gradient":""},"tablet":{"background-color":"","background-image":"","background-repeat":"repeat","background-position":"center center","background-size":"auto","background-attachment":"scroll","background-type":"","background-media":"","overlay-type":"","overlay-color":"","overlay-opacity":"","overlay-gradient":""},"mobile":{"background-color":"","background-image":"","background-repeat":"repeat","background-position":"center center","background-size":"auto","background-attachment":"scroll","background-type":"","background-media":"","overlay-type":"","overlay-color":"","overlay-opacity":"","overlay-gradient":""}},"ast-content-background-meta":{"desktop":{"background-color":"var(--ast-global-color-5)","background-image":"","background-repeat":"repeat","background-position":"center center","background-size":"auto","background-attachment":"scroll","background-type":"","background-media":"","overlay-type":"","overlay-color":"","overlay-opacity":"","overlay-gradient":""},"tablet":{"background-color":"var(--ast-global-color-5)","background-image":"","background-repeat":"repeat","background-position":"center center","background-size":"auto","background-attachment":"scroll","background-type":"","background-media":"","overlay-type":"","overlay-color":"","overlay-opacity":"","overlay-gradient":""},"mobile":{"background-color":"var(--ast-global-color-5)","background-image":"","background-repeat":"repeat","background-position":"center center","background-size":"auto","background-attachment":"scroll","background-type":"","background-media":"","overlay-type":"","overlay-color":"","overlay-opacity":"","overlay-gradient":""}},"_mc_calendar":[],"footnotes":""},"class_list":["post-99","page","type-page","status-publish","hentry"],"uagb_featured_image_src":{"full":false,"thumbnail":false,"medium":false,"medium_large":false,"large":false,"1536x1536":false,"2048x2048":false},"uagb_author_info":{"display_name":"admin","author_link":"https:\/\/bs-laichingeralb.de\/wordpress\/?author=1"},"uagb_comment_info":0,"uagb_excerpt":"Du wei\u00dft nicht wer ich bin. Dann muss ich mich wohl erst vorstellen. Ich bin Knut, das weitgereiste Maskottchen. Ich habe von der Vereinsmeisterschaft bis zu den Finalk\u00e4mpfen der Paralympics , Welt- und Europameisterschaften schon \u00fcberall auf der Schiesslinie gestanden. Dank meiner guten Verbindungen zu Sportlern, Kampfrichtern und Funktion\u00e4ren h\u00f6re ich das Gras wachsen und&hellip;","_links":{"self":[{"href":"https:\/\/bs-laichingeralb.de\/wordpress\/index.php?rest_route=\/wp\/v2\/pages\/99","targetHints":{"allow":["GET"]}}],"collection":[{"href":"https:\/\/bs-laichingeralb.de\/wordpress\/index.php?rest_route=\/wp\/v2\/pages"}],"about":[{"href":"https:\/\/bs-laichingeralb.de\/wordpress\/index.php?rest_route=\/wp\/v2\/types\/page"}],"author":[{"embeddable":true,"href":"https:\/\/bs-laichingeralb.de\/wordpress\/index.php?rest_route=\/wp\/v2\/users\/1"}],"replies":[{"embeddable":true,"href":"https:\/\/bs-laichingeralb.de\/wordpress\/index.php?rest_route=%2Fwp%2Fv2%2Fcomments&post=99"}],"version-history":[{"count":3,"href":"https:\/\/bs-laichingeralb.de\/wordpress\/index.php?rest_route=\/wp\/v2\/pages\/99\/revisions"}],"predecessor-version":[{"id":139,"href":"https:\/\/bs-laichingeralb.de\/wordpress\/index.php?rest_route=\/wp\/v2\/pages\/99\/revisions\/139"}],"wp:attachment":[{"href":"https:\/\/bs-laichingeralb.de\/wordpress\/index.php?rest_route=%2Fwp%2Fv2%2Fmedia&parent=99"}],"curies":[{"name":"wp","href":"https:\/\/api.w.org\/{rel}","templated":true}]}}